{"id":170,"date":"2021-01-17T04:50:51","date_gmt":"2021-01-17T03:50:51","guid":{"rendered":"http:\/\/knneuro.fuw.edu.pl\/?page_id=170"},"modified":"2025-01-01T23:40:51","modified_gmt":"2025-01-01T22:40:51","slug":"o-nas-krotko","status":"publish","type":"page","link":"https:\/\/knneuro.fuw.edu.pl\/index.php\/o-nas-krotko\/","title":{"rendered":"O nas"},"content":{"rendered":"\n<p>Czym jest <mark style=\"background-color:rgba(0, 0, 0, 0)\" class=\"has-inline-color has-luminous-vivid-orange-color\">neuroinformatyka<\/mark>? To interdyscyplinarna dziedzina badawcza, kt\u00f3ra zajmuje si\u0119 przetwarzaniem i analiz\u0105 danych zbieranych z ludzkiego m\u00f3zgu. Dyscyplina ta pozwala na lepsze poznanie funkcji i mo\u017cliwo\u015bci m\u00f3zgu w organizmie cz\u0142owieka. Jednym z obecnych cel\u00f3w neuroinformatyki jest rozw\u00f3j <mark style=\"background-color:rgba(0, 0, 0, 0)\" class=\"has-inline-color has-luminous-vivid-orange-color\">interfejs\u00f3w m\u00f3zg \u2013 komputer<\/mark>. <mark style=\"background-color:rgba(0, 0, 0, 0)\" class=\"has-inline-color has-luminous-vivid-orange-color\">BCI<\/mark> umo\u017cliwia bezpo\u015brednie po\u0142\u0105czenie mi\u0119dzy m\u00f3zgiem a komputerem, co jest wykorzystywane do komunikacji z osobami niepe\u0142nosprawnymi, ich rehabilitacji, czy nawet rozrywki (np. w grach komputerowych). Neuroinformatyka przyczynia si\u0119 r\u00f3wnie\u017c do rozwoju wielu innych neurotechnologii.<\/p>\n\n\n\n<figure class=\"wp-block-gallery has-nested-images columns-default is-cropped wp-block-gallery-1 is-layout-flex wp-block-gallery-is-layout-flex\">\n<figure class=\"wp-block-image size-large\"><img loading=\"lazy\" decoding=\"async\" width=\"960\" height=\"730\" data-id=\"671\" src=\"https:\/\/knneuro.fuw.edu.pl\/wp-content\/uploads\/2025\/01\/wigilia-2024.jpg\" alt=\"\" class=\"wp-image-671\" srcset=\"https:\/\/knneuro.fuw.edu.pl\/wp-content\/uploads\/2025\/01\/wigilia-2024.jpg 960w, https:\/\/knneuro.fuw.edu.pl\/wp-content\/uploads\/2025\/01\/wigilia-2024-300x228.jpg 300w, https:\/\/knneuro.fuw.edu.pl\/wp-content\/uploads\/2025\/01\/wigilia-2024-768x584.jpg 768w\" sizes=\"auto, (max-width: 706px) 89vw, (max-width: 767px) 82vw, 740px\" \/><\/figure>\n<\/figure>\n","protected":false},"excerpt":{"rendered":"<p>Czym jest neuroinformatyka? To interdyscyplinarna dziedzina badawcza, kt\u00f3ra zajmuje si\u0119 przetwarzaniem i analiz\u0105 danych zbieranych z ludzkiego m\u00f3zgu. Dyscyplina ta pozwala na lepsze poznanie funkcji i mo\u017cliwo\u015bci m\u00f3zgu w organizmie cz\u0142owieka. Jednym z obecnych cel\u00f3w neuroinformatyki jest rozw\u00f3j interfejs\u00f3w m\u00f3zg \u2013 komputer. BCI umo\u017cliwia bezpo\u015brednie po\u0142\u0105czenie mi\u0119dzy m\u00f3zgiem a komputerem, co jest wykorzystywane do komunikacji &hellip; <\/p>\n<p class=\"link-more\"><a href=\"https:\/\/knneuro.fuw.edu.pl\/index.php\/o-nas-krotko\/\" class=\"more-link\">Czytaj dalej<span class=\"screen-reader-text\"> \u201eO nas\u201d<\/span><\/a><\/p>\n","protected":false},"author":1,"featured_media":260,"parent":0,"menu_order":0,"comment_status":"closed","ping_status":"closed","template":"","meta":{"footnotes":""},"class_list":["post-170","page","type-page","status-publish","has-post-thumbnail","hentry"],"_links":{"self":[{"href":"https:\/\/knneuro.fuw.edu.pl\/index.php\/wp-json\/wp\/v2\/pages\/170","targetHints":{"allow":["GET"]}}],"collection":[{"href":"https:\/\/knneuro.fuw.edu.pl\/index.php\/wp-json\/wp\/v2\/pages"}],"about":[{"href":"https:\/\/knneuro.fuw.edu.pl\/index.php\/wp-json\/wp\/v2\/types\/page"}],"author":[{"embeddable":true,"href":"https:\/\/knneuro.fuw.edu.pl\/index.php\/wp-json\/wp\/v2\/users\/1"}],"replies":[{"embeddable":true,"href":"https:\/\/knneuro.fuw.edu.pl\/index.php\/wp-json\/wp\/v2\/comments?post=170"}],"version-history":[{"count":12,"href":"https:\/\/knneuro.fuw.edu.pl\/index.php\/wp-json\/wp\/v2\/pages\/170\/revisions"}],"predecessor-version":[{"id":672,"href":"https:\/\/knneuro.fuw.edu.pl\/index.php\/wp-json\/wp\/v2\/pages\/170\/revisions\/672"}],"wp:featuredmedia":[{"embeddable":true,"href":"https:\/\/knneuro.fuw.edu.pl\/index.php\/wp-json\/wp\/v2\/media\/260"}],"wp:attachment":[{"href":"https:\/\/knneuro.fuw.edu.pl\/index.php\/wp-json\/wp\/v2\/media?parent=170"}],"curies":[{"name":"wp","href":"https:\/\/api.w.org\/{rel}","templated":true}]}}